{"id":2151,"date":"2020-07-10T07:41:40","date_gmt":"2020-07-10T05:41:40","guid":{"rendered":"https:\/\/a-to.com\/?page_id=2151"},"modified":"2020-07-10T07:41:40","modified_gmt":"2020-07-10T05:41:40","slug":"gewaehrleistung-garantie","status":"publish","type":"page","link":"https:\/\/a-to.com\/de\/gewaehrleistung-garantie\/","title":{"rendered":"Gew\u00e4hrleistung &#038; Garantie"},"content":{"rendered":"<p><strong>Gew\u00e4hrleistung \/ Garantie<\/strong><\/p>\n<p>Die Frist zur Geltendmachung von Gew\u00e4hrleistungsanspr\u00fcchen betr\u00e4gt zwei Jahre ab \u00dcbernahme des Produkts. Ausgenommen hiervon sind Verschlei\u00dfteile wie bspw. Akkus, Reifen, Bremsen etc. Eine gew\u00f6hnliche Abn\u00fctzung stellt sohin keinen Mangel dar. F\u00fcr Akkus gew\u00e4hren wir eine freiwillige Garantie von 6 Monaten.<\/p>\n<p>&nbsp;<\/p>\n<p>Es wird ausdr\u00fccklich darauf hingewiesen, dass die von KSR gelieferten Produkte nur gem\u00e4\u00df den Bedienungsanleitungen bestimmungsgem\u00e4\u00df verwendet werden d\u00fcrfen. Die Herstellervorgaben sind zwingend einzuhalten. Sch\u00e4den durch falsche Handhabung sind weder im Rahmen der Gew\u00e4hrleistung noch durch eine Garantie des Herstellers abgedeckt.<\/p>\n<p>&nbsp;<\/p>\n<p>Dar\u00fcberhinausgehende Anspr\u00fcche gegen KSR sind ausgeschlossen. Insbesondere \u00fcbernimmt KSR keinen Ersatz f\u00fcr Sch\u00e4den, die nicht an den gelieferten Produkten selbst entstanden sind, dh es wird kein Ersatz f\u00fcr entgangenen Gewinn oder sonstige Verm\u00f6genssch\u00e4den geleistet.<\/p>\n<p>&nbsp;<\/p>\n<p>Sollte der Hersteller oder KSR eine l\u00e4ngere Garantie- oder Gew\u00e4hrleistungsfrist zugesagt haben, so sind s\u00e4mtliche Anspr\u00fcche daraus direkt gegen\u00fcber dem Hersteller bzw. KSR gem\u00e4\u00df den gesonderten Festlegungen im Garantieschein geltend zu machen.<\/p>\n<p>&nbsp;<\/p>\n<p>Stellt sich nach \u00dcbernahme heraus, dass ein geliefertes Produkt einen Mangel aufweist, so kann KSR diesen beheben oder das Produkt selbst austauschen. Der Kunde ist nicht berechtigt, den Austausch des gesamten Produktes zu fordern. Ein solcher Austausch liegt einzig im Ermessen von KSR.<\/p>\n<p>&nbsp;<\/p>\n<p>Einzig im Fall, dass KSR zu einer M\u00e4ngelbehebung oder Ersatzlieferung nicht bereit ist oder sich diese aus einzig in der Sph\u00e4re von KSR liegenden Gr\u00fcnden verz\u00f6gert, ist der Kunde berechtigt, von diesem Vertrag zur\u00fcckzutreten oder eine Minderung des Kaufpreises zu verlangen.<\/p>\n<p>&nbsp;<\/p>\n<p>Sollte der Hersteller eine \u00fcber den Gew\u00e4hrleistungsanspruch hinausgehende Garantie abgegeben haben, dann sind etwaige Anspr\u00fcche hieraus direkt gegen\u00fcber dem Hersteller geltend zu machen.<\/p>\n<p>&nbsp;<\/p>\n","protected":false},"excerpt":{"rendered":"<p>Gew\u00e4hrleistung \/ Garantie Die Frist zur Geltendmachung von Gew\u00e4hrleistungsanspr\u00fcchen betr\u00e4gt zwei Jahre ab \u00dcbernahme des Produkts. Ausgenommen hiervon sind Verschlei\u00dfteile wie bspw. Akkus, Reifen, Bremsen etc. Eine gew\u00f6hnliche Abn\u00fctzung stellt sohin keinen Mangel dar. F\u00fcr Akkus gew\u00e4hren wir eine freiwillige Garantie von 6 Monaten. &nbsp; Es wird ausdr\u00fccklich darauf hingewiesen, dass die von KSR gelieferten [&hellip;]<\/p>\n","protected":false},"author":2,"featured_media":0,"parent":0,"menu_order":0,"comment_status":"closed","ping_status":"closed","template":"template-legal.php","meta":[],"acf":[],"_links":{"self":[{"href":"https:\/\/a-to.com\/de\/wp-json\/wp\/v2\/pages\/2151"}],"collection":[{"href":"https:\/\/a-to.com\/de\/wp-json\/wp\/v2\/pages"}],"about":[{"href":"https:\/\/a-to.com\/de\/wp-json\/wp\/v2\/types\/page"}],"author":[{"embeddable":true,"href":"https:\/\/a-to.com\/de\/wp-json\/wp\/v2\/users\/2"}],"replies":[{"embeddable":true,"href":"https:\/\/a-to.com\/de\/wp-json\/wp\/v2\/comments?post=2151"}],"version-history":[{"count":1,"href":"https:\/\/a-to.com\/de\/wp-json\/wp\/v2\/pages\/2151\/revisions"}],"predecessor-version":[{"id":2152,"href":"https:\/\/a-to.com\/de\/wp-json\/wp\/v2\/pages\/2151\/revisions\/2152"}],"wp:attachment":[{"href":"https:\/\/a-to.com\/de\/wp-json\/wp\/v2\/media?parent=2151"}],"curies":[{"name":"wp","href":"https:\/\/api.w.org\/{rel}","templated":true}]}}