{"id":2877,"date":"2020-07-10T07:41:40","date_gmt":"2020-07-10T05:41:40","guid":{"rendered":"https:\/\/a-to.com\/gewaehrleistung-garantie\/"},"modified":"2020-11-06T14:07:08","modified_gmt":"2020-11-06T13:07:08","slug":"gewaehrleistung-garantie","status":"publish","type":"page","link":"https:\/\/a-to.com\/fr\/gewaehrleistung-garantie\/","title":{"rendered":"Garantie"},"content":{"rendered":"<p><strong>Garantie<\/strong><\/p>\n<p>Le d\u00e9lai pour faire valoir les droits \u00e0 la garantie est de deux ans \u00e0 compter de la date d&rsquo;acquisition du produit. En sont exclues : les pi\u00e8ces d&rsquo;usure telles que les batteries, les pneus, les freins, etc. L&rsquo;usure normale ne constitue pas un d\u00e9faut. Pour les batteries, nous accordons une garantie de 6 mois \u00e0 titre gr\u00e2cieux.<\/p>\n<p>Il est express\u00e9ment rappel\u00e9 que les produits fournis par KSR ne peuvent \u00eatre utilis\u00e9s que conform\u00e9ment au mode d&#8217;emploi. Les instructions du fabricant doivent \u00eatre respect\u00e9es. Les dommages caus\u00e9s par une mauvaise manipulation ne sont pas couverts par la garantie l\u00e9gale ou par une garantie du fabricant.<\/p>\n<p>Toute autre r\u00e9clamation \u00e0 l&rsquo;encontre de KSR est exclue. KSR n&rsquo;acceptera notamment aucune compensation pour des dommages autres que ceux caus\u00e9s aux produits livr\u00e9s , en particulier aucune compensation relatives \u00e0 un manque \u00e0 gagner ou \u00e0 d&rsquo;autres pertes financi\u00e8res.<\/p>\n<p>Si le fabricant ou KSR s&rsquo;est engag\u00e9 sur une garantie ou une p\u00e9riode de garantie plus longue, toutes les r\u00e9clamations qui en d\u00e9coulent doivent \u00eatre faites directement contre le fabricant ou KSR selon les stipulations sp\u00e9cifiques dans le certificat de garantie.<\/p>\n<p>S&rsquo;il s&rsquo;av\u00e8re apr\u00e8s acceptation qu&rsquo;un produit livr\u00e9 pr\u00e9sente un d\u00e9faut, KSR peut le r\u00e9parer ou le remplacer lui-m\u00eame. Le client n&rsquo;est pas en droit d&rsquo;exiger le remplacement de l&rsquo;ensemble du produit. Un tel \u00e9change est uniquement \u00e0 la discr\u00e9tion du KSR.<\/p>\n<p>Ce n&rsquo;est que dans le cas o\u00f9 KSR n&rsquo;est pas dispos\u00e9 \u00e0 rem\u00e9dier au d\u00e9faut ou \u00e0 remplacer le produit ou si le retard est d\u00fb \u00e0 des raisons qui rel\u00e8vent exclusivement de la comp\u00e9tence de KSR, que le client est en droit de r\u00e9silier le contrat ou d&rsquo;exiger une r\u00e9duction du prix d&rsquo;achat.<\/p>\n<p>Si le fabricant a donn\u00e9 une garantie sup\u00e9rieure \u00e0 la demande de garantie, toute demande en r\u00e9sultant doit \u00eatre adress\u00e9e directement au fabricant.<\/p>\n","protected":false},"excerpt":{"rendered":"<p>Garantie Le d\u00e9lai pour faire valoir les droits \u00e0 la garantie est de deux ans \u00e0 compter de la date d&rsquo;acquisition du produit. En sont exclues : les pi\u00e8ces d&rsquo;usure telles que les batteries, les pneus, les freins, etc. L&rsquo;usure normale ne constitue pas un d\u00e9faut. Pour les batteries, nous accordons une garantie de 6 [&hellip;]<\/p>\n","protected":false},"author":2,"featured_media":0,"parent":0,"menu_order":0,"comment_status":"closed","ping_status":"closed","template":"template-legal.php","meta":[],"acf":[],"_links":{"self":[{"href":"https:\/\/a-to.com\/fr\/wp-json\/wp\/v2\/pages\/2877"}],"collection":[{"href":"https:\/\/a-to.com\/fr\/wp-json\/wp\/v2\/pages"}],"about":[{"href":"https:\/\/a-to.com\/fr\/wp-json\/wp\/v2\/types\/page"}],"author":[{"embeddable":true,"href":"https:\/\/a-to.com\/fr\/wp-json\/wp\/v2\/users\/2"}],"replies":[{"embeddable":true,"href":"https:\/\/a-to.com\/fr\/wp-json\/wp\/v2\/comments?post=2877"}],"version-history":[{"count":4,"href":"https:\/\/a-to.com\/fr\/wp-json\/wp\/v2\/pages\/2877\/revisions"}],"predecessor-version":[{"id":3126,"href":"https:\/\/a-to.com\/fr\/wp-json\/wp\/v2\/pages\/2877\/revisions\/3126"}],"wp:attachment":[{"href":"https:\/\/a-to.com\/fr\/wp-json\/wp\/v2\/media?parent=2877"}],"curies":[{"name":"wp","href":"https:\/\/api.w.org\/{rel}","templated":true}]}}